{"id":132,"date":"2024-02-12T05:45:42","date_gmt":"2024-02-12T05:45:42","guid":{"rendered":"https:\/\/besserhazepito.hu\/?page_id=132"},"modified":"2024-02-12T05:45:42","modified_gmt":"2024-02-12T05:45:42","slug":"boros-pincek","status":"publish","type":"page","link":"https:\/\/besserhazepito.hu\/?page_id=132","title":{"rendered":"Boros Pinc\u00e9k"},"content":{"rendered":"\n<h2 class=\"wp-block-heading\">T\u00f6bbf\u00e9le pince \u00e9p\u00edt\u00e9se, kivitelez\u00e9se<\/h2>\n\n\n\n<figure class=\"wp-block-gallery has-nested-images columns-default is-cropped wp-block-gallery-1 is-layout-flex wp-block-gallery-is-layout-flex\">\n<figure class=\"wp-block-image size-large\"><img loading=\"lazy\" decoding=\"async\" width=\"614\" height=\"1024\" data-id=\"137\" src=\"https:\/\/besserhazepito.hu\/wp-content\/uploads\/2024\/02\/boros-2-614x1024.jpg\" alt=\"\" class=\"wp-image-137\" srcset=\"https:\/\/besserhazepito.hu\/wp-content\/uploads\/2024\/02\/boros-2-614x1024.jpg 614w, https:\/\/besserhazepito.hu\/wp-content\/uploads\/2024\/02\/boros-2-180x300.jpg 180w, https:\/\/besserhazepito.hu\/wp-content\/uploads\/2024\/02\/boros-2.jpg 743w\" sizes=\"auto, (max-width: 614px) 100vw, 614px\" \/><\/figure>\n\n\n\n<figure class=\"wp-block-image size-large\"><img loading=\"lazy\" decoding=\"async\" width=\"614\" height=\"1024\" data-id=\"136\" src=\"https:\/\/besserhazepito.hu\/wp-content\/uploads\/2024\/02\/borospince_paz-1-614x1024.jpg\" alt=\"\" class=\"wp-image-136\" srcset=\"https:\/\/besserhazepito.hu\/wp-content\/uploads\/2024\/02\/borospince_paz-1-614x1024.jpg 614w, https:\/\/besserhazepito.hu\/wp-content\/uploads\/2024\/02\/borospince_paz-1-180x300.jpg 180w, https:\/\/besserhazepito.hu\/wp-content\/uploads\/2024\/02\/borospince_paz-1.jpg 743w\" sizes=\"auto, (max-width: 614px) 100vw, 614px\" \/><\/figure>\n\n\n\n<figure class=\"wp-block-image size-large\"><img loading=\"lazy\" decoding=\"async\" width=\"614\" height=\"1024\" data-id=\"134\" src=\"https:\/\/besserhazepito.hu\/wp-content\/uploads\/2024\/02\/borospince_paz2-1-614x1024.jpg\" alt=\"\" class=\"wp-image-134\" srcset=\"https:\/\/besserhazepito.hu\/wp-content\/uploads\/2024\/02\/borospince_paz2-1-614x1024.jpg 614w, https:\/\/besserhazepito.hu\/wp-content\/uploads\/2024\/02\/borospince_paz2-1-180x300.jpg 180w, https:\/\/besserhazepito.hu\/wp-content\/uploads\/2024\/02\/borospince_paz2-1.jpg 743w\" sizes=\"auto, (max-width: 614px) 100vw, 614px\" \/><\/figure>\n\n\n\n<figure class=\"wp-block-image size-large\"><img loading=\"lazy\" decoding=\"async\" width=\"1024\" height=\"577\" data-id=\"133\" src=\"https:\/\/besserhazepito.hu\/wp-content\/uploads\/2024\/02\/borospince_paz3-1-1024x577.jpg\" alt=\"\" class=\"wp-image-133\" srcset=\"https:\/\/besserhazepito.hu\/wp-content\/uploads\/2024\/02\/borospince_paz3-1-1024x577.jpg 1024w, https:\/\/besserhazepito.hu\/wp-content\/uploads\/2024\/02\/borospince_paz3-1-300x169.jpg 300w, https:\/\/besserhazepito.hu\/wp-content\/uploads\/2024\/02\/borospince_paz3-1-768x433.jpg 768w, https:\/\/besserhazepito.hu\/wp-content\/uploads\/2024\/02\/borospince_paz3-1-1536x866.jpg 1536w, https:\/\/besserhazepito.hu\/wp-content\/uploads\/2024\/02\/borospince_paz3-1-2048x1155.jpg 2048w\" sizes=\"auto, (max-width: 1024px) 100vw, 1024px\" \/><\/figure>\n\n\n\n<figure class=\"wp-block-image size-large\"><img loading=\"lazy\" decoding=\"async\" width=\"1024\" height=\"577\" data-id=\"135\" src=\"https:\/\/besserhazepito.hu\/wp-content\/uploads\/2024\/02\/borospince_paz4-1-1024x577.jpg\" alt=\"\" class=\"wp-image-135\" srcset=\"https:\/\/besserhazepito.hu\/wp-content\/uploads\/2024\/02\/borospince_paz4-1-1024x577.jpg 1024w, https:\/\/besserhazepito.hu\/wp-content\/uploads\/2024\/02\/borospince_paz4-1-300x169.jpg 300w, https:\/\/besserhazepito.hu\/wp-content\/uploads\/2024\/02\/borospince_paz4-1-768x433.jpg 768w, https:\/\/besserhazepito.hu\/wp-content\/uploads\/2024\/02\/borospince_paz4-1-1536x866.jpg 1536w, https:\/\/besserhazepito.hu\/wp-content\/uploads\/2024\/02\/borospince_paz4-1-2048x1155.jpg 2048w\" sizes=\"auto, (max-width: 1024px) 100vw, 1024px\" \/><\/figure>\n<\/figure>\n","protected":false},"excerpt":{"rendered":"<p>T\u00f6bbf\u00e9le pince \u00e9p\u00edt\u00e9se, kivitelez\u00e9se<\/p>\n","protected":false},"author":1,"featured_media":135,"parent":10,"menu_order":3,"comment_status":"closed","ping_status":"closed","template":"","meta":{"footnotes":""},"class_list":["post-132","page","type-page","status-publish","has-post-thumbnail","hentry"],"_links":{"self":[{"href":"https:\/\/besserhazepito.hu\/index.php?rest_route=\/wp\/v2\/pages\/132","targetHints":{"allow":["GET"]}}],"collection":[{"href":"https:\/\/besserhazepito.hu\/index.php?rest_route=\/wp\/v2\/pages"}],"about":[{"href":"https:\/\/besserhazepito.hu\/index.php?rest_route=\/wp\/v2\/types\/page"}],"author":[{"embeddable":true,"href":"https:\/\/besserhazepito.hu\/index.php?rest_route=\/wp\/v2\/users\/1"}],"replies":[{"embeddable":true,"href":"https:\/\/besserhazepito.hu\/index.php?rest_route=%2Fwp%2Fv2%2Fcomments&post=132"}],"version-history":[{"count":1,"href":"https:\/\/besserhazepito.hu\/index.php?rest_route=\/wp\/v2\/pages\/132\/revisions"}],"predecessor-version":[{"id":138,"href":"https:\/\/besserhazepito.hu\/index.php?rest_route=\/wp\/v2\/pages\/132\/revisions\/138"}],"up":[{"embeddable":true,"href":"https:\/\/besserhazepito.hu\/index.php?rest_route=\/wp\/v2\/pages\/10"}],"wp:featuredmedia":[{"embeddable":true,"href":"https:\/\/besserhazepito.hu\/index.php?rest_route=\/wp\/v2\/media\/135"}],"wp:attachment":[{"href":"https:\/\/besserhazepito.hu\/index.php?rest_route=%2Fwp%2Fv2%2Fmedia&parent=132"}],"curies":[{"name":"wp","href":"https:\/\/api.w.org\/{rel}","templated":true}]}}