{"id":12,"date":"2024-02-11T20:54:34","date_gmt":"2024-02-11T20:54:34","guid":{"rendered":"https:\/\/besserhazepito.hu\/?page_id=12"},"modified":"2024-03-16T14:32:31","modified_gmt":"2024-03-16T14:32:31","slug":"home","status":"publish","type":"page","link":"https:\/\/besserhazepito.hu\/?page_id=12","title":{"rendered":"El\u00e9rhet\u0151s\u00e9g"},"content":{"rendered":"\n<p>Besser Ferenc<br>C\u00edm:\u00a02476 P\u00e1zm\u00e1nd F\u0151 utca 116.<br>e-mail:\u00a0besserferi1979@gmail.com<br>Mobil:\u00a006703371971<\/p>\n","protected":false},"excerpt":{"rendered":"<p>Besser FerencC\u00edm:\u00a02476 P\u00e1zm\u00e1nd F\u0151 utca 116.e-mail:\u00a0besserferi1979@gmail.comMobil:\u00a006703371971<\/p>\n","protected":false},"author":1,"featured_media":0,"parent":0,"menu_order":2,"comment_status":"closed","ping_status":"closed","template":"page-template\/custom-home-page.php","meta":{"footnotes":""},"class_list":["post-12","page","type-page","status-publish","hentry"],"_links":{"self":[{"href":"https:\/\/besserhazepito.hu\/index.php?rest_route=\/wp\/v2\/pages\/12","targetHints":{"allow":["GET"]}}],"collection":[{"href":"https:\/\/besserhazepito.hu\/index.php?rest_route=\/wp\/v2\/pages"}],"about":[{"href":"https:\/\/besserhazepito.hu\/index.php?rest_route=\/wp\/v2\/types\/page"}],"author":[{"embeddable":true,"href":"https:\/\/besserhazepito.hu\/index.php?rest_route=\/wp\/v2\/users\/1"}],"replies":[{"embeddable":true,"href":"https:\/\/besserhazepito.hu\/index.php?rest_route=%2Fwp%2Fv2%2Fcomments&post=12"}],"version-history":[{"count":3,"href":"https:\/\/besserhazepito.hu\/index.php?rest_route=\/wp\/v2\/pages\/12\/revisions"}],"predecessor-version":[{"id":187,"href":"https:\/\/besserhazepito.hu\/index.php?rest_route=\/wp\/v2\/pages\/12\/revisions\/187"}],"wp:attachment":[{"href":"https:\/\/besserhazepito.hu\/index.php?rest_route=%2Fwp%2Fv2%2Fmedia&parent=12"}],"curies":[{"name":"wp","href":"https:\/\/api.w.org\/{rel}","templated":true}]}}