{"id":107,"date":"2024-02-12T05:38:29","date_gmt":"2024-02-12T05:38:29","guid":{"rendered":"https:\/\/besserhazepito.hu\/?page_id=107"},"modified":"2024-02-12T05:44:23","modified_gmt":"2024-02-12T05:44:23","slug":"csaladi-hazak","status":"publish","type":"page","link":"https:\/\/besserhazepito.hu\/?page_id=107","title":{"rendered":"Csal\u00e1di H\u00e1zak"},"content":{"rendered":"\n<h2 class=\"wp-block-heading\">Csal\u00e1di h\u00e1zak teljesk\u00f6r\u0171 kivitelez\u00e9se<\/h2>\n\n\n\n<figure class=\"wp-block-gallery has-nested-images columns-default is-cropped wp-block-gallery-1 is-layout-flex wp-block-gallery-is-layout-flex\">\n<figure class=\"wp-block-image size-large\"><img loading=\"lazy\" decoding=\"async\" width=\"1024\" height=\"768\" data-id=\"108\" src=\"https:\/\/besserhazepito.hu\/wp-content\/uploads\/2024\/02\/sukoro_szerkezet-1-1024x768.jpg\" alt=\"\" class=\"wp-image-108\" srcset=\"https:\/\/besserhazepito.hu\/wp-content\/uploads\/2024\/02\/sukoro_szerkezet-1-1024x768.jpg 1024w, https:\/\/besserhazepito.hu\/wp-content\/uploads\/2024\/02\/sukoro_szerkezet-1-300x225.jpg 300w, https:\/\/besserhazepito.hu\/wp-content\/uploads\/2024\/02\/sukoro_szerkezet-1-768x576.jpg 768w, https:\/\/besserhazepito.hu\/wp-content\/uploads\/2024\/02\/sukoro_szerkezet-1-1536x1152.jpg 1536w, https:\/\/besserhazepito.hu\/wp-content\/uploads\/2024\/02\/sukoro_szerkezet-1.jpg 1652w\" sizes=\"auto, (max-width: 1024px) 100vw, 1024px\" \/><\/figure>\n\n\n\n<figure class=\"wp-block-image size-large\"><img loading=\"lazy\" decoding=\"async\" width=\"1024\" height=\"768\" data-id=\"109\" src=\"https:\/\/besserhazepito.hu\/wp-content\/uploads\/2024\/02\/sukoro_szerkezet2-1-1024x768.jpg\" alt=\"\" class=\"wp-image-109\" srcset=\"https:\/\/besserhazepito.hu\/wp-content\/uploads\/2024\/02\/sukoro_szerkezet2-1-1024x768.jpg 1024w, https:\/\/besserhazepito.hu\/wp-content\/uploads\/2024\/02\/sukoro_szerkezet2-1-300x225.jpg 300w, https:\/\/besserhazepito.hu\/wp-content\/uploads\/2024\/02\/sukoro_szerkezet2-1-768x576.jpg 768w, https:\/\/besserhazepito.hu\/wp-content\/uploads\/2024\/02\/sukoro_szerkezet2-1-1536x1152.jpg 1536w, https:\/\/besserhazepito.hu\/wp-content\/uploads\/2024\/02\/sukoro_szerkezet2-1.jpg 1652w\" sizes=\"auto, (max-width: 1024px) 100vw, 1024px\" \/><\/figure>\n\n\n\n<figure class=\"wp-block-image size-large\"><img loading=\"lazy\" decoding=\"async\" width=\"1024\" height=\"768\" data-id=\"111\" src=\"https:\/\/besserhazepito.hu\/wp-content\/uploads\/2024\/02\/sukoro_szerkezet3-1-1024x768.jpg\" alt=\"\" class=\"wp-image-111\" srcset=\"https:\/\/besserhazepito.hu\/wp-content\/uploads\/2024\/02\/sukoro_szerkezet3-1-1024x768.jpg 1024w, https:\/\/besserhazepito.hu\/wp-content\/uploads\/2024\/02\/sukoro_szerkezet3-1-300x225.jpg 300w, https:\/\/besserhazepito.hu\/wp-content\/uploads\/2024\/02\/sukoro_szerkezet3-1-768x576.jpg 768w, https:\/\/besserhazepito.hu\/wp-content\/uploads\/2024\/02\/sukoro_szerkezet3-1-1536x1152.jpg 1536w, https:\/\/besserhazepito.hu\/wp-content\/uploads\/2024\/02\/sukoro_szerkezet3-1.jpg 1652w\" sizes=\"auto, (max-width: 1024px) 100vw, 1024px\" \/><\/figure>\n\n\n\n<figure class=\"wp-block-image size-large\"><img loading=\"lazy\" decoding=\"async\" width=\"1024\" height=\"768\" data-id=\"110\" src=\"https:\/\/besserhazepito.hu\/wp-content\/uploads\/2024\/02\/sukoro_szerkezet4-1-1024x768.jpg\" alt=\"\" class=\"wp-image-110\" srcset=\"https:\/\/besserhazepito.hu\/wp-content\/uploads\/2024\/02\/sukoro_szerkezet4-1-1024x768.jpg 1024w, https:\/\/besserhazepito.hu\/wp-content\/uploads\/2024\/02\/sukoro_szerkezet4-1-300x225.jpg 300w, https:\/\/besserhazepito.hu\/wp-content\/uploads\/2024\/02\/sukoro_szerkezet4-1-768x576.jpg 768w, https:\/\/besserhazepito.hu\/wp-content\/uploads\/2024\/02\/sukoro_szerkezet4-1-1536x1152.jpg 1536w, https:\/\/besserhazepito.hu\/wp-content\/uploads\/2024\/02\/sukoro_szerkezet4-1.jpg 1652w\" sizes=\"auto, (max-width: 1024px) 100vw, 1024px\" \/><\/figure>\n\n\n\n<figure class=\"wp-block-image size-large\"><img loading=\"lazy\" decoding=\"async\" width=\"1024\" height=\"768\" data-id=\"112\" src=\"https:\/\/besserhazepito.hu\/wp-content\/uploads\/2024\/02\/sukoro_szerkezet5-1-1024x768.jpg\" alt=\"\" class=\"wp-image-112\" srcset=\"https:\/\/besserhazepito.hu\/wp-content\/uploads\/2024\/02\/sukoro_szerkezet5-1-1024x768.jpg 1024w, https:\/\/besserhazepito.hu\/wp-content\/uploads\/2024\/02\/sukoro_szerkezet5-1-300x225.jpg 300w, https:\/\/besserhazepito.hu\/wp-content\/uploads\/2024\/02\/sukoro_szerkezet5-1-768x576.jpg 768w, https:\/\/besserhazepito.hu\/wp-content\/uploads\/2024\/02\/sukoro_szerkezet5-1-1536x1152.jpg 1536w, https:\/\/besserhazepito.hu\/wp-content\/uploads\/2024\/02\/sukoro_szerkezet5-1.jpg 1652w\" sizes=\"auto, (max-width: 1024px) 100vw, 1024px\" \/><\/figure>\n<\/figure>\n\n\n\n<figure class=\"wp-block-gallery has-nested-images columns-default is-cropped wp-block-gallery-2 is-layout-flex wp-block-gallery-is-layout-flex\">\n<figure class=\"wp-block-image size-large\"><img loading=\"lazy\" decoding=\"async\" width=\"1024\" height=\"577\" data-id=\"115\" src=\"https:\/\/besserhazepito.hu\/wp-content\/uploads\/2024\/02\/k-1024x577.jpg\" alt=\"\" class=\"wp-image-115\" srcset=\"https:\/\/besserhazepito.hu\/wp-content\/uploads\/2024\/02\/k-1024x577.jpg 1024w, https:\/\/besserhazepito.hu\/wp-content\/uploads\/2024\/02\/k-300x169.jpg 300w, https:\/\/besserhazepito.hu\/wp-content\/uploads\/2024\/02\/k-768x433.jpg 768w, https:\/\/besserhazepito.hu\/wp-content\/uploads\/2024\/02\/k-1536x866.jpg 1536w, https:\/\/besserhazepito.hu\/wp-content\/uploads\/2024\/02\/k-2048x1155.jpg 2048w\" sizes=\"auto, (max-width: 1024px) 100vw, 1024px\" \/><\/figure>\n\n\n\n<figure class=\"wp-block-image size-large\"><img loading=\"lazy\" decoding=\"async\" width=\"1024\" height=\"577\" data-id=\"113\" src=\"https:\/\/besserhazepito.hu\/wp-content\/uploads\/2024\/02\/k2-1024x577.jpg\" alt=\"\" class=\"wp-image-113\" srcset=\"https:\/\/besserhazepito.hu\/wp-content\/uploads\/2024\/02\/k2-1024x577.jpg 1024w, https:\/\/besserhazepito.hu\/wp-content\/uploads\/2024\/02\/k2-300x169.jpg 300w, https:\/\/besserhazepito.hu\/wp-content\/uploads\/2024\/02\/k2-768x433.jpg 768w, https:\/\/besserhazepito.hu\/wp-content\/uploads\/2024\/02\/k2-1536x866.jpg 1536w, https:\/\/besserhazepito.hu\/wp-content\/uploads\/2024\/02\/k2-2048x1155.jpg 2048w\" sizes=\"auto, (max-width: 1024px) 100vw, 1024px\" \/><\/figure>\n\n\n\n<figure class=\"wp-block-image size-large\"><img loading=\"lazy\" decoding=\"async\" width=\"1024\" height=\"577\" data-id=\"116\" src=\"https:\/\/besserhazepito.hu\/wp-content\/uploads\/2024\/02\/k4-1024x577.jpg\" alt=\"\" class=\"wp-image-116\" srcset=\"https:\/\/besserhazepito.hu\/wp-content\/uploads\/2024\/02\/k4-1024x577.jpg 1024w, https:\/\/besserhazepito.hu\/wp-content\/uploads\/2024\/02\/k4-300x169.jpg 300w, https:\/\/besserhazepito.hu\/wp-content\/uploads\/2024\/02\/k4-768x433.jpg 768w, https:\/\/besserhazepito.hu\/wp-content\/uploads\/2024\/02\/k4-1536x866.jpg 1536w, https:\/\/besserhazepito.hu\/wp-content\/uploads\/2024\/02\/k4-2048x1155.jpg 2048w\" sizes=\"auto, (max-width: 1024px) 100vw, 1024px\" \/><\/figure>\n\n\n\n<figure class=\"wp-block-image size-large\"><img loading=\"lazy\" decoding=\"async\" width=\"1024\" height=\"512\" data-id=\"114\" src=\"https:\/\/besserhazepito.hu\/wp-content\/uploads\/2024\/02\/k5-1024x512.jpg\" alt=\"\" class=\"wp-image-114\" srcset=\"https:\/\/besserhazepito.hu\/wp-content\/uploads\/2024\/02\/k5-1024x512.jpg 1024w, https:\/\/besserhazepito.hu\/wp-content\/uploads\/2024\/02\/k5-300x150.jpg 300w, https:\/\/besserhazepito.hu\/wp-content\/uploads\/2024\/02\/k5-768x384.jpg 768w, https:\/\/besserhazepito.hu\/wp-content\/uploads\/2024\/02\/k5-1536x768.jpg 1536w, https:\/\/besserhazepito.hu\/wp-content\/uploads\/2024\/02\/k5-2048x1024.jpg 2048w\" sizes=\"auto, (max-width: 1024px) 100vw, 1024px\" \/><\/figure>\n\n\n\n<figure class=\"wp-block-image size-large\"><img loading=\"lazy\" decoding=\"async\" width=\"1024\" height=\"512\" data-id=\"117\" src=\"https:\/\/besserhazepito.hu\/wp-content\/uploads\/2024\/02\/k6-1024x512.jpg\" alt=\"\" class=\"wp-image-117\" srcset=\"https:\/\/besserhazepito.hu\/wp-content\/uploads\/2024\/02\/k6-1024x512.jpg 1024w, https:\/\/besserhazepito.hu\/wp-content\/uploads\/2024\/02\/k6-300x150.jpg 300w, https:\/\/besserhazepito.hu\/wp-content\/uploads\/2024\/02\/k6-768x384.jpg 768w, https:\/\/besserhazepito.hu\/wp-content\/uploads\/2024\/02\/k6-1536x768.jpg 1536w, https:\/\/besserhazepito.hu\/wp-content\/uploads\/2024\/02\/k6-2048x1024.jpg 2048w\" sizes=\"auto, (max-width: 1024px) 100vw, 1024px\" \/><\/figure>\n<\/figure>\n","protected":false},"excerpt":{"rendered":"<p>Csal\u00e1di h\u00e1zak teljesk\u00f6r\u0171 kivitelez\u00e9se<\/p>\n","protected":false},"author":1,"featured_media":50,"parent":10,"menu_order":0,"comment_status":"closed","ping_status":"closed","template":"page-template\/custom-home-page.php","meta":{"footnotes":""},"class_list":["post-107","page","type-page","status-publish","has-post-thumbnail","hentry"],"_links":{"self":[{"href":"https:\/\/besserhazepito.hu\/index.php?rest_route=\/wp\/v2\/pages\/107","targetHints":{"allow":["GET"]}}],"collection":[{"href":"https:\/\/besserhazepito.hu\/index.php?rest_route=\/wp\/v2\/pages"}],"about":[{"href":"https:\/\/besserhazepito.hu\/index.php?rest_route=\/wp\/v2\/types\/page"}],"author":[{"embeddable":true,"href":"https:\/\/besserhazepito.hu\/index.php?rest_route=\/wp\/v2\/users\/1"}],"replies":[{"embeddable":true,"href":"https:\/\/besserhazepito.hu\/index.php?rest_route=%2Fwp%2Fv2%2Fcomments&post=107"}],"version-history":[{"count":2,"href":"https:\/\/besserhazepito.hu\/index.php?rest_route=\/wp\/v2\/pages\/107\/revisions"}],"predecessor-version":[{"id":131,"href":"https:\/\/besserhazepito.hu\/index.php?rest_route=\/wp\/v2\/pages\/107\/revisions\/131"}],"up":[{"embeddable":true,"href":"https:\/\/besserhazepito.hu\/index.php?rest_route=\/wp\/v2\/pages\/10"}],"wp:featuredmedia":[{"embeddable":true,"href":"https:\/\/besserhazepito.hu\/index.php?rest_route=\/wp\/v2\/media\/50"}],"wp:attachment":[{"href":"https:\/\/besserhazepito.hu\/index.php?rest_route=%2Fwp%2Fv2%2Fmedia&parent=107"}],"curies":[{"name":"wp","href":"https:\/\/api.w.org\/{rel}","templated":true}]}}